{"id":6441,"date":"2024-07-19T12:12:54","date_gmt":"2024-07-19T12:12:54","guid":{"rendered":"https:\/\/www.deutschlanddigital.org\/?page_id=6441"},"modified":"2024-07-19T12:12:54","modified_gmt":"2024-07-19T12:12:54","slug":"huhu-deutschland","status":"publish","type":"page","link":"https:\/\/www.deutschlanddigital.org\/index.php\/huhu-deutschland\/","title":{"rendered":"huhu Deutschland"},"content":{"rendered":"<p><div class=\"fusion-fullwidth fullwidth-box fusion-builder-row-1 fusion-flex-container nonhundred-percent-fullwidth non-hundred-percent-height-scrolling\" style=\"--awb-border-radius-top-left:0px;--awb-border-radius-top-right:0px;--awb-border-radius-bottom-right:0px;--awb-border-radius-bottom-left:0px;--awb-flex-wrap:wrap;\" ><div class=\"fusion-builder-row fusion-row fusion-flex-align-items-flex-start fusion-flex-content-wrap\" style=\"max-width:1310.4px;margin-left: calc(-4% \/ 2 );margin-right: calc(-4% \/ 2 );\"><div class=\"fusion-layout-column fusion_builder_column fusion-builder-column-0 fusion_builder_column_1_1 1_1 fusion-flex-column\" style=\"--awb-bg-size:cover;--awb-width-large:100%;--awb-margin-top-large:20px;--awb-spacing-right-large:1.92%;--awb-margin-bottom-large:20px;--awb-spacing-left-large:1.92%;--awb-width-medium:100%;--awb-order-medium:0;--awb-spacing-right-medium:1.92%;--awb-spacing-left-medium:1.92%;--awb-width-small:100%;--awb-order-small:0;--awb-spacing-right-small:1.92%;--awb-spacing-left-small:1.92%;\"><div class=\"fusion-column-wrapper fusion-column-has-shadow fusion-flex-justify-content-flex-start fusion-content-layout-column\"><div class=\"fusion-title title fusion-title-1 fusion-sep-none fusion-title-text fusion-title-size-one\" style=\"--awb-text-color:var(--awb-color8);\"><h1 class=\"fusion-title-heading title-heading-left fusion-responsive-typography-calculated\" style=\"margin:0;--fontSize:60;line-height:1.16;\"><p style=\"text-align: center\">Wir sind jetzt DEUTSCHLAND.DIGITAL<\/p><\/h1><\/div><\/div><\/div><\/div><\/div><div class=\"fusion-fullwidth fullwidth-box fusion-builder-row-2 fusion-flex-container nonhundred-percent-fullwidth non-hundred-percent-height-scrolling\" style=\"--awb-border-radius-top-left:0px;--awb-border-radius-top-right:0px;--awb-border-radius-bottom-right:0px;--awb-border-radius-bottom-left:0px;--awb-background-color:var(--awb-color2);--awb-flex-wrap:wrap;\" ><div class=\"fusion-builder-row fusion-row fusion-flex-align-items-center fusion-flex-content-wrap\" style=\"max-width:1310.4px;margin-left: calc(-4% \/ 2 );margin-right: calc(-4% \/ 2 );\"><div class=\"fusion-layout-column fusion_builder_column fusion-builder-column-1 fusion_builder_column_3_5 3_5 fusion-flex-column\" style=\"--awb-bg-size:cover;--awb-width-large:60%;--awb-margin-top-large:20px;--awb-spacing-right-large:3.2%;--awb-margin-bottom-large:20px;--awb-spacing-left-large:3.2%;--awb-width-medium:60%;--awb-order-medium:0;--awb-spacing-right-medium:3.2%;--awb-spacing-left-medium:3.2%;--awb-width-small:100%;--awb-order-small:0;--awb-spacing-right-small:1.92%;--awb-spacing-left-small:1.92%;\"><div class=\"fusion-column-wrapper fusion-column-has-shadow fusion-flex-justify-content-flex-start fusion-content-layout-column\"><div class=\"fusion-title title fusion-title-2 fusion-sep-none fusion-title-text fusion-title-size-two\"><h2 class=\"fusion-title-heading title-heading-left fusion-responsive-typography-calculated\" style=\"margin:0;--fontSize:48;line-height:1.2;\"><p>Aus huhu Dutschland wurde<\/p>\n<p><strong>DEUTSCHLAND.DIGITAL<\/strong><\/p><\/h2><\/div><\/div><\/div><div class=\"fusion-layout-column fusion_builder_column fusion-builder-column-2 fusion_builder_column_2_5 2_5 fusion-flex-column\" style=\"--awb-bg-size:cover;--awb-width-large:40%;--awb-margin-top-large:20px;--awb-spacing-right-large:4.8%;--awb-margin-bottom-large:20px;--awb-spacing-left-large:4.8%;--awb-width-medium:40%;--awb-order-medium:0;--awb-spacing-right-medium:4.8%;--awb-spacing-left-medium:4.8%;--awb-width-small:100%;--awb-order-small:0;--awb-spacing-right-small:1.92%;--awb-spacing-left-small:1.92%;\"><div class=\"fusion-column-wrapper fusion-column-has-shadow fusion-flex-justify-content-flex-start fusion-content-layout-column\"><div class=\"fusion-video fusion-selfhosted-video\" style=\"max-width:100%;\"><div class=\"video-wrapper\" style=\"border-radius:30px 30px 30px 30px;box-shadow:0px 0px ;;\"><video playsinline=\"true\" width=\"100%\" style=\"object-fit: cover;\" autoplay=\"true\" muted=\"true\" loop=\"true\" preload=\"auto\"><source src=\"https:\/\/www.deutschlanddigital.org\/wp-content\/uploads\/sites\/16\/2024\/07\/Rebranding-2.mp4\" type=\"video\/mp4\">Sorry, your browser doesn&#039;t support embedded videos.<\/video><\/div><\/div><\/div><\/div><\/div><\/div><div class=\"fusion-fullwidth fullwidth-box fusion-builder-row-3 fusion-flex-container nonhundred-percent-fullwidth non-hundred-percent-height-scrolling\" style=\"--link_hover_color: var(--awb-custom_color_2);--link_color: var(--awb-color7);--awb-border-radius-top-left:0px;--awb-border-radius-top-right:0px;--awb-border-radius-bottom-right:0px;--awb-border-radius-bottom-left:0px;--awb-flex-wrap:wrap;\" ><div class=\"fusion-builder-row fusion-row fusion-flex-align-items-flex-start fusion-flex-content-wrap\" style=\"max-width:1310.4px;margin-left: calc(-4% \/ 2 );margin-right: calc(-4% \/ 2 );\"><div class=\"fusion-layout-column fusion_builder_column fusion-builder-column-3 fusion_builder_column_1_1 1_1 fusion-flex-column\" style=\"--awb-bg-size:cover;--awb-width-large:100%;--awb-margin-top-large:20px;--awb-spacing-right-large:1.92%;--awb-margin-bottom-large:20px;--awb-spacing-left-large:1.92%;--awb-width-medium:100%;--awb-order-medium:0;--awb-spacing-right-medium:1.92%;--awb-spacing-left-medium:1.92%;--awb-width-small:100%;--awb-order-small:0;--awb-spacing-right-small:1.92%;--awb-spacing-left-small:1.92%;\"><div class=\"fusion-column-wrapper fusion-column-has-shadow fusion-flex-justify-content-flex-start fusion-content-layout-column\"><div class=\"fusion-title title fusion-title-3 fusion-sep-none fusion-title-text fusion-title-size-three\" style=\"--awb-text-color:var(--awb-color8);\"><h3 class=\"fusion-title-heading title-heading-left fusion-responsive-typography-calculated\" style=\"margin:0;--fontSize:36;line-height:1.3;\"><p style=\"text-align: center\">Unser neuer Name<\/p><\/h3><\/div><div class=\"fusion-text fusion-text-1\"><p style=\"text-align: center\">Wir haben unseren Namen von huhu Deutschland zu DEUTSCHLAND.DIGITAL ge\u00e4ndert. Diese Namens\u00e4nderung spiegelt unsere Mission wider, deutschlandweit Beratende und L\u00f6sungsanbieter f\u00fcr digitale Transformation mit Kommunen zu verbinden. Im Zentrum stehen dabei nach wie vor der <strong><a href=\"https:\/\/marktplatz.landkreise.digital\/\">Marktplatz<\/a><\/strong> und die <strong><a href=\"https:\/\/www.deutschlanddigital.org\/#plattform\">Plattform<\/a>,<\/strong> die gemeinsam den Kern von DEUTSCHLAND.DIGITAL bilden.<\/p>\n<\/div><div class=\"fusion-image-element \" style=\"text-align:center;--awb-margin-top:50px;--awb-caption-title-font-family:var(--h2_typography-font-family);--awb-caption-title-font-weight:var(--h2_typography-font-weight);--awb-caption-title-font-style:var(--h2_typography-font-style);--awb-caption-title-size:var(--h2_typography-font-size);--awb-caption-title-transform:var(--h2_typography-text-transform);--awb-caption-title-line-height:var(--h2_typography-line-height);--awb-caption-title-letter-spacing:var(--h2_typography-letter-spacing);\"><span class=\" fusion-imageframe imageframe-none imageframe-1 hover-type-none\" style=\"border-radius:12px;\"><img decoding=\"async\" width=\"400\" height=\"358\" alt=\"Menschen im Kreis um ein Fragezeichen\" title=\"question\" src=\"https:\/\/www.deutschlanddigital.org\/wp-content\/uploads\/sites\/16\/2024\/07\/question.png\" data-orig-src=\"https:\/\/www.deutschlanddigital.org\/wp-content\/uploads\/sites\/16\/2024\/07\/question-400x358.png\" class=\"lazyload img-responsive wp-image-6524\" srcset=\"data:image\/svg+xml,%3Csvg%20xmlns%3D%27http%3A%2F%2Fwww.w3.org%2F2000%2Fsvg%27%20width%3D%272463%27%20height%3D%272202%27%20viewBox%3D%270%200%202463%202202%27%3E%3Crect%20width%3D%272463%27%20height%3D%272202%27%20fill-opacity%3D%220%22%2F%3E%3C%2Fsvg%3E\" data-srcset=\"https:\/\/www.deutschlanddigital.org\/wp-content\/uploads\/sites\/16\/2024\/07\/question-200x179.png 200w, https:\/\/www.deutschlanddigital.org\/wp-content\/uploads\/sites\/16\/2024\/07\/question-400x358.png 400w, https:\/\/www.deutschlanddigital.org\/wp-content\/uploads\/sites\/16\/2024\/07\/question-600x536.png 600w, https:\/\/www.deutschlanddigital.org\/wp-content\/uploads\/sites\/16\/2024\/07\/question-800x715.png 800w, https:\/\/www.deutschlanddigital.org\/wp-content\/uploads\/sites\/16\/2024\/07\/question-1200x1073.png 1200w\" data-sizes=\"auto\" data-orig-sizes=\"(max-width: 640px) 100vw, 400px\" \/><\/span><\/div><div class=\"fusion-text fusion-text-2\" style=\"--awb-margin-top:50px;\"><h4 class=\"fusion-responsive-typography-calculated\" style=\"text-align: center\" data-fontsize=\"24\" data-lineheight=\"34.08px\">Warum der neue Name?<\/h4>\n<p style=\"text-align: center\">Der bisherige Name huhu Deutschland entstand im Forschungsprojekt Smarte.Land.Regionen. Als Arbeitstitel hat er den Testballon des Marktplatzes und seiner Umgebung bis jetzt begleitet. Mit der Aufnahme des Marktplatzes in den Smart City und Region Stufenplan war es f\u00fcr uns an der Zeit, einen sprechenderen Namen zu finden. In DEUTSCHLAND.DIGITAL steckt neben dem Bezugsraum und der Art der Zusammenarbeit auch die Vision.<\/p>\n<p style=\"text-align: center\">Wir freuen uns, mit Ihnen daran zu arbeiten!<\/p>\n<\/div><\/div><\/div><\/div><\/div><\/p>\n","protected":false},"excerpt":{"rendered":"","protected":false},"author":77,"featured_media":0,"parent":0,"menu_order":0,"comment_status":"closed","ping_status":"closed","template":"100-width.php","meta":{"footnotes":""},"class_list":["post-6441","page","type-page","status-publish","hentry"],"yoast_head":"<!-- This site is optimized with the Yoast SEO plugin v27.4 - https:\/\/yoast.com\/product\/yoast-seo-wordpress\/ -->\n<title>huhu Deutschland - DEUTSCHLAND.DIGITAL<\/title>\n<meta name=\"description\" content=\"huhu Deutschland ist jetzt DEUTSCHLAND.DIGITAL. Auf dieser Seite informieren wir Sie \u00fcber unsere Namens\u00e4nderung.\" \/>\n<meta name=\"robots\" content=\"index, follow, max-snippet:-1, max-image-preview:large, max-video-preview:-1\" \/>\n<link rel=\"canonical\" href=\"https:\/\/www.deutschlanddigital.org\/index.php\/huhu-deutschland\/\" \/>\n<meta property=\"og:locale\" content=\"de_DE\" \/>\n<meta property=\"og:type\" content=\"article\" \/>\n<meta property=\"og:title\" content=\"huhu Deutschland - DEUTSCHLAND.DIGITAL\" \/>\n<meta property=\"og:description\" content=\"huhu Deutschland ist jetzt DEUTSCHLAND.DIGITAL. Auf dieser Seite informieren wir Sie \u00fcber unsere Namens\u00e4nderung.\" \/>\n<meta property=\"og:url\" content=\"https:\/\/www.deutschlanddigital.org\/index.php\/huhu-deutschland\/\" \/>\n<meta property=\"og:site_name\" content=\"DEUTSCHLAND.DIGITAL\" \/>\n<meta property=\"article:publisher\" content=\"https:\/\/www.facebook.com\/SLRegionen\" \/>\n<meta property=\"og:image\" content=\"https:\/\/www.deutschlanddigital.org\/wp-content\/uploads\/sites\/16\/2024\/07\/Share-Image-DEUTSCHLAND.DIGITAL.png\" \/>\n\t<meta property=\"og:image:width\" content=\"1182\" \/>\n\t<meta property=\"og:image:height\" content=\"856\" \/>\n\t<meta property=\"og:image:type\" content=\"image\/png\" \/>\n<meta name=\"twitter:card\" content=\"summary_large_image\" \/>\n<meta name=\"twitter:site\" content=\"@SLRegionen\" \/>\n<meta name=\"twitter:label1\" content=\"Gesch\u00e4tzte Lesezeit\" \/>\n\t<meta name=\"twitter:data1\" content=\"7\u00a0Minuten\" \/>\n<script type=\"application\/ld+json\" class=\"yoast-schema-graph\">{\"@context\":\"https:\\\/\\\/schema.org\",\"@graph\":[{\"@type\":\"WebPage\",\"@id\":\"https:\\\/\\\/www.deutschlanddigital.org\\\/index.php\\\/huhu-deutschland\\\/\",\"url\":\"https:\\\/\\\/www.deutschlanddigital.org\\\/index.php\\\/huhu-deutschland\\\/\",\"name\":\"huhu Deutschland - DEUTSCHLAND.DIGITAL\",\"isPartOf\":{\"@id\":\"https:\\\/\\\/www.deutschlanddigital.org\\\/#website\"},\"datePublished\":\"2024-07-19T12:12:54+00:00\",\"description\":\"huhu Deutschland ist jetzt DEUTSCHLAND.DIGITAL. Auf dieser Seite informieren wir Sie \u00fcber unsere Namens\u00e4nderung.\",\"breadcrumb\":{\"@id\":\"https:\\\/\\\/www.deutschlanddigital.org\\\/index.php\\\/huhu-deutschland\\\/#breadcrumb\"},\"inLanguage\":\"de\",\"potentialAction\":[{\"@type\":\"ReadAction\",\"target\":[\"https:\\\/\\\/www.deutschlanddigital.org\\\/index.php\\\/huhu-deutschland\\\/\"]}]},{\"@type\":\"BreadcrumbList\",\"@id\":\"https:\\\/\\\/www.deutschlanddigital.org\\\/index.php\\\/huhu-deutschland\\\/#breadcrumb\",\"itemListElement\":[{\"@type\":\"ListItem\",\"position\":1,\"name\":\"Home\",\"item\":\"https:\\\/\\\/www.deutschlanddigital.org\\\/\"},{\"@type\":\"ListItem\",\"position\":2,\"name\":\"huhu Deutschland\"}]},{\"@type\":\"WebSite\",\"@id\":\"https:\\\/\\\/www.deutschlanddigital.org\\\/#website\",\"url\":\"https:\\\/\\\/www.deutschlanddigital.org\\\/\",\"name\":\"DEUTSCHLAND.DIGITAL\",\"description\":\"Smarte L\u00f6sungen f\u00fcr smarte Kommunen\",\"publisher\":{\"@id\":\"https:\\\/\\\/www.deutschlanddigital.org\\\/#organization\"},\"alternateName\":\"digitaler Marktplatz f\u00fcr die Daseinsvorsorge\",\"potentialAction\":[{\"@type\":\"SearchAction\",\"target\":{\"@type\":\"EntryPoint\",\"urlTemplate\":\"https:\\\/\\\/www.deutschlanddigital.org\\\/?s={search_term_string}\"},\"query-input\":{\"@type\":\"PropertyValueSpecification\",\"valueRequired\":true,\"valueName\":\"search_term_string\"}}],\"inLanguage\":\"de\"},{\"@type\":\"Organization\",\"@id\":\"https:\\\/\\\/www.deutschlanddigital.org\\\/#organization\",\"name\":\"Fraunhofer IESE\",\"url\":\"https:\\\/\\\/www.deutschlanddigital.org\\\/\",\"logo\":{\"@type\":\"ImageObject\",\"inLanguage\":\"de\",\"@id\":\"https:\\\/\\\/www.deutschlanddigital.org\\\/#\\\/schema\\\/logo\\\/image\\\/\",\"url\":\"https:\\\/\\\/www.deutschlanddigital.org\\\/wp-content\\\/uploads\\\/sites\\\/16\\\/2024\\\/07\\\/Favicon.png\",\"contentUrl\":\"https:\\\/\\\/www.deutschlanddigital.org\\\/wp-content\\\/uploads\\\/sites\\\/16\\\/2024\\\/07\\\/Favicon.png\",\"width\":267,\"height\":267,\"caption\":\"Fraunhofer IESE\"},\"image\":{\"@id\":\"https:\\\/\\\/www.deutschlanddigital.org\\\/#\\\/schema\\\/logo\\\/image\\\/\"},\"sameAs\":[\"https:\\\/\\\/www.facebook.com\\\/SLRegionen\",\"https:\\\/\\\/x.com\\\/SLRegionen\",\"https:\\\/\\\/www.linkedin.com\\\/in\\\/smarte-land-regionen\\\/\"]}]}<\/script>\n<!-- \/ Yoast SEO plugin. -->","yoast_head_json":{"title":"huhu Deutschland - DEUTSCHLAND.DIGITAL","description":"huhu Deutschland ist jetzt DEUTSCHLAND.DIGITAL. Auf dieser Seite informieren wir Sie \u00fcber unsere Namens\u00e4nderung.","robots":{"index":"index","follow":"follow","max-snippet":"max-snippet:-1","max-image-preview":"max-image-preview:large","max-video-preview":"max-video-preview:-1"},"canonical":"https:\/\/www.deutschlanddigital.org\/index.php\/huhu-deutschland\/","og_locale":"de_DE","og_type":"article","og_title":"huhu Deutschland - DEUTSCHLAND.DIGITAL","og_description":"huhu Deutschland ist jetzt DEUTSCHLAND.DIGITAL. Auf dieser Seite informieren wir Sie \u00fcber unsere Namens\u00e4nderung.","og_url":"https:\/\/www.deutschlanddigital.org\/index.php\/huhu-deutschland\/","og_site_name":"DEUTSCHLAND.DIGITAL","article_publisher":"https:\/\/www.facebook.com\/SLRegionen","og_image":[{"width":1182,"height":856,"url":"https:\/\/www.deutschlanddigital.org\/wp-content\/uploads\/sites\/16\/2024\/07\/Share-Image-DEUTSCHLAND.DIGITAL.png","type":"image\/png"}],"twitter_card":"summary_large_image","twitter_site":"@SLRegionen","twitter_misc":{"Gesch\u00e4tzte Lesezeit":"7\u00a0Minuten"},"schema":{"@context":"https:\/\/schema.org","@graph":[{"@type":"WebPage","@id":"https:\/\/www.deutschlanddigital.org\/index.php\/huhu-deutschland\/","url":"https:\/\/www.deutschlanddigital.org\/index.php\/huhu-deutschland\/","name":"huhu Deutschland - DEUTSCHLAND.DIGITAL","isPartOf":{"@id":"https:\/\/www.deutschlanddigital.org\/#website"},"datePublished":"2024-07-19T12:12:54+00:00","description":"huhu Deutschland ist jetzt DEUTSCHLAND.DIGITAL. Auf dieser Seite informieren wir Sie \u00fcber unsere Namens\u00e4nderung.","breadcrumb":{"@id":"https:\/\/www.deutschlanddigital.org\/index.php\/huhu-deutschland\/#breadcrumb"},"inLanguage":"de","potentialAction":[{"@type":"ReadAction","target":["https:\/\/www.deutschlanddigital.org\/index.php\/huhu-deutschland\/"]}]},{"@type":"BreadcrumbList","@id":"https:\/\/www.deutschlanddigital.org\/index.php\/huhu-deutschland\/#breadcrumb","itemListElement":[{"@type":"ListItem","position":1,"name":"Home","item":"https:\/\/www.deutschlanddigital.org\/"},{"@type":"ListItem","position":2,"name":"huhu Deutschland"}]},{"@type":"WebSite","@id":"https:\/\/www.deutschlanddigital.org\/#website","url":"https:\/\/www.deutschlanddigital.org\/","name":"DEUTSCHLAND.DIGITAL","description":"Smarte L\u00f6sungen f\u00fcr smarte Kommunen","publisher":{"@id":"https:\/\/www.deutschlanddigital.org\/#organization"},"alternateName":"digitaler Marktplatz f\u00fcr die Daseinsvorsorge","potentialAction":[{"@type":"SearchAction","target":{"@type":"EntryPoint","urlTemplate":"https:\/\/www.deutschlanddigital.org\/?s={search_term_string}"},"query-input":{"@type":"PropertyValueSpecification","valueRequired":true,"valueName":"search_term_string"}}],"inLanguage":"de"},{"@type":"Organization","@id":"https:\/\/www.deutschlanddigital.org\/#organization","name":"Fraunhofer IESE","url":"https:\/\/www.deutschlanddigital.org\/","logo":{"@type":"ImageObject","inLanguage":"de","@id":"https:\/\/www.deutschlanddigital.org\/#\/schema\/logo\/image\/","url":"https:\/\/www.deutschlanddigital.org\/wp-content\/uploads\/sites\/16\/2024\/07\/Favicon.png","contentUrl":"https:\/\/www.deutschlanddigital.org\/wp-content\/uploads\/sites\/16\/2024\/07\/Favicon.png","width":267,"height":267,"caption":"Fraunhofer IESE"},"image":{"@id":"https:\/\/www.deutschlanddigital.org\/#\/schema\/logo\/image\/"},"sameAs":["https:\/\/www.facebook.com\/SLRegionen","https:\/\/x.com\/SLRegionen","https:\/\/www.linkedin.com\/in\/smarte-land-regionen\/"]}]}},"_links":{"self":[{"href":"https:\/\/www.deutschlanddigital.org\/index.php\/wp-json\/wp\/v2\/pages\/6441","targetHints":{"allow":["GET"]}}],"collection":[{"href":"https:\/\/www.deutschlanddigital.org\/index.php\/wp-json\/wp\/v2\/pages"}],"about":[{"href":"https:\/\/www.deutschlanddigital.org\/index.php\/wp-json\/wp\/v2\/types\/page"}],"author":[{"embeddable":true,"href":"https:\/\/www.deutschlanddigital.org\/index.php\/wp-json\/wp\/v2\/users\/77"}],"replies":[{"embeddable":true,"href":"https:\/\/www.deutschlanddigital.org\/index.php\/wp-json\/wp\/v2\/comments?post=6441"}],"version-history":[{"count":4,"href":"https:\/\/www.deutschlanddigital.org\/index.php\/wp-json\/wp\/v2\/pages\/6441\/revisions"}],"predecessor-version":[{"id":6527,"href":"https:\/\/www.deutschlanddigital.org\/index.php\/wp-json\/wp\/v2\/pages\/6441\/revisions\/6527"}],"wp:attachment":[{"href":"https:\/\/www.deutschlanddigital.org\/index.php\/wp-json\/wp\/v2\/media?parent=6441"}],"curies":[{"name":"wp","href":"https:\/\/api.w.org\/{rel}","templated":true}]}}