{"id":5967,"date":"2024-02-06T09:07:17","date_gmt":"2024-02-06T09:07:17","guid":{"rendered":"https:\/\/www.deutschlanddigital.org\/?page_id=5967"},"modified":"2025-09-10T08:36:50","modified_gmt":"2025-09-10T08:36:50","slug":"zugang","status":"publish","type":"page","link":"https:\/\/www.deutschlanddigital.org\/index.php\/zugang\/","title":{"rendered":"Zugang"},"content":{"rendered":"<p><div class=\"fusion-fullwidth fullwidth-box fusion-builder-row-1 fusion-flex-container nonhundred-percent-fullwidth non-hundred-percent-height-scrolling\" style=\"--awb-border-radius-top-left:0px;--awb-border-radius-top-right:0px;--awb-border-radius-bottom-right:0px;--awb-border-radius-bottom-left:0px;--awb-flex-wrap:wrap;\" ><div class=\"fusion-builder-row fusion-row fusion-flex-align-items-flex-start fusion-flex-content-wrap\" style=\"max-width:1310.4px;margin-left: calc(-4% \/ 2 );margin-right: calc(-4% \/ 2 );\"><div class=\"fusion-layout-column fusion_builder_column fusion-builder-column-0 fusion_builder_column_1_1 1_1 fusion-flex-column\" style=\"--awb-bg-size:cover;--awb-width-large:100%;--awb-margin-top-large:20px;--awb-spacing-right-large:1.92%;--awb-margin-bottom-large:20px;--awb-spacing-left-large:1.92%;--awb-width-medium:100%;--awb-order-medium:0;--awb-spacing-right-medium:1.92%;--awb-spacing-left-medium:1.92%;--awb-width-small:100%;--awb-order-small:0;--awb-spacing-right-small:1.92%;--awb-spacing-left-small:1.92%;\"><div class=\"fusion-column-wrapper fusion-column-has-shadow fusion-flex-justify-content-flex-start fusion-content-layout-column\"><div class=\"fusion-text fusion-text-1\"><h1 style=\"text-align: center\"><strong>Zugang<\/strong><\/h1>\n<\/div><div class=\"fusion-text fusion-text-2\"><p style=\"text-align: center\">Werden Sie Teil von DEUTSCHLAND.DIGITAL<\/p>\n<\/div><\/div><\/div><\/div><\/div><div class=\"fusion-fullwidth fullwidth-box fusion-builder-row-2 fusion-flex-container nonhundred-percent-fullwidth non-hundred-percent-height-scrolling\" style=\"--link_color: var(--awb-color7);--awb-border-radius-top-left:0px;--awb-border-radius-top-right:0px;--awb-border-radius-bottom-right:0px;--awb-border-radius-bottom-left:0px;--awb-background-color:rgba(249,249,251,0);--awb-flex-wrap:wrap;\" ><div class=\"fusion-builder-row fusion-row fusion-flex-align-items-flex-start fusion-flex-content-wrap\" style=\"max-width:1310.4px;margin-left: calc(-4% \/ 2 );margin-right: calc(-4% \/ 2 );\"><div class=\"fusion-layout-column fusion_builder_column fusion-builder-column-1 fusion_builder_column_1_1 1_1 fusion-flex-column\" style=\"--awb-bg-size:cover;--awb-width-large:100%;--awb-margin-top-large:20px;--awb-spacing-right-large:1.92%;--awb-margin-bottom-large:20px;--awb-spacing-left-large:1.92%;--awb-width-medium:100%;--awb-order-medium:0;--awb-spacing-right-medium:1.92%;--awb-spacing-left-medium:1.92%;--awb-width-small:100%;--awb-order-small:0;--awb-spacing-right-small:1.92%;--awb-spacing-left-small:1.92%;\"><div class=\"fusion-column-wrapper fusion-column-has-shadow fusion-flex-justify-content-flex-start fusion-content-layout-column\"><div class=\"fusion-text fusion-text-3\"><p>Hier wird f\u00fcr Sie zusammengefasst, wie Sie Teil von DEUTSCHLAND.DIGITAL werden k\u00f6nnen und Zugang zu unserem Marktplatz erlangen, um die digitale Daseinsvorsorge Ihrer Region zu verbessern:<\/p>\n<\/div><div class=\"fusion-text fusion-text-4\"><p>Der erste Schritt ist immer die Kontaktaufnahme mit uns. Je nachdem, ob Sie unsere Dienste als Kommune nutzen oder als L\u00f6sungsanbieter \/ Dienstleister selbst Ihre digitalen Dienste anbieten wollen, finden Sie nachfolgend eine detaillierte Anleitung.<br \/>\nB\u00fcrger:innen k\u00f6nnen den Marktplatz nicht selbst nutzen. Sie finden hier aber eine Anleitung, wie Sie \u00dcberzeugungsarbeit in Ihrer Kommune leisten k\u00f6nnen, um die digitalen L\u00f6sungen zu nutzen.<\/p>\n<\/div><\/div><\/div><div class=\"fusion-layout-column fusion_builder_column fusion-builder-column-2 fusion_builder_column_1_2 1_2 fusion-flex-column fusion-animated\" style=\"--awb-padding-top:25px;--awb-padding-right:147px;--awb-padding-left:147px;--awb-bg-color:var(--awb-color1);--awb-bg-color-hover:var(--awb-color1);--awb-bg-size:cover;--awb-width-large:50%;--awb-margin-top-large:20px;--awb-spacing-right-large:3.84%;--awb-margin-bottom-large:20px;--awb-spacing-left-large:3.84%;--awb-width-medium:50%;--awb-order-medium:0;--awb-spacing-right-medium:3.84%;--awb-spacing-left-medium:3.84%;--awb-width-small:100%;--awb-order-small:0;--awb-spacing-right-small:1.92%;--awb-spacing-left-small:1.92%;\" data-animationType=\"fadeInLeft\" data-animationDuration=\"0.3\" data-animationOffset=\"top-into-view\"><div class=\"fusion-column-wrapper fusion-column-has-shadow fusion-flex-justify-content-flex-start fusion-content-layout-column\"><div class=\"fusion-text fusion-text-5\"><h4 style=\"text-align: center\"><a href=\"https:\/\/www.deutschlanddigital.org\/index.php\/kommunen\/\">Kommunen <\/a><\/h4>\n<\/div><div class=\"fusion-image-element \" style=\"text-align:center;--awb-liftup-border-radius:12px;--awb-caption-title-font-family:var(--h2_typography-font-family);--awb-caption-title-font-weight:var(--h2_typography-font-weight);--awb-caption-title-font-style:var(--h2_typography-font-style);--awb-caption-title-size:var(--h2_typography-font-size);--awb-caption-title-transform:var(--h2_typography-text-transform);--awb-caption-title-line-height:var(--h2_typography-line-height);--awb-caption-title-letter-spacing:var(--h2_typography-letter-spacing);\"><div class=\"awb-image-frame awb-image-frame-1 imageframe-liftup imageframe-1\"><span class=\" fusion-imageframe imageframe-none imageframe-1\" style=\"border-radius:12px;\"><a class=\"fusion-no-lightbox\" href=\"https:\/\/www.deutschlanddigital.org\/index.php\/kommunen\/\" target=\"_self\" aria-label=\"Kommune_Icon\"><img decoding=\"async\" width=\"800\" height=\"800\" alt=\"Icon f\u00fcr eine Kommune\" src=\"https:\/\/www.deutschlanddigital.org\/wp-content\/uploads\/sites\/16\/2025\/01\/Kommune_Icon.png\" data-orig-src=\"https:\/\/www.deutschlanddigital.org\/wp-content\/uploads\/sites\/16\/2025\/01\/Kommune_Icon-800x800.png\" class=\"lazyload img-responsive wp-image-6685\" srcset=\"data:image\/svg+xml,%3Csvg%20xmlns%3D%27http%3A%2F%2Fwww.w3.org%2F2000%2Fsvg%27%20width%3D%272226%27%20height%3D%272225%27%20viewBox%3D%270%200%202226%202225%27%3E%3Crect%20width%3D%272226%27%20height%3D%272225%27%20fill-opacity%3D%220%22%2F%3E%3C%2Fsvg%3E\" data-srcset=\"https:\/\/www.deutschlanddigital.org\/wp-content\/uploads\/sites\/16\/2025\/01\/Kommune_Icon-200x200.png 200w, https:\/\/www.deutschlanddigital.org\/wp-content\/uploads\/sites\/16\/2025\/01\/Kommune_Icon-400x400.png 400w, https:\/\/www.deutschlanddigital.org\/wp-content\/uploads\/sites\/16\/2025\/01\/Kommune_Icon-600x600.png 600w, https:\/\/www.deutschlanddigital.org\/wp-content\/uploads\/sites\/16\/2025\/01\/Kommune_Icon-800x800.png 800w, https:\/\/www.deutschlanddigital.org\/wp-content\/uploads\/sites\/16\/2025\/01\/Kommune_Icon-1200x1199.png 1200w\" data-sizes=\"auto\" data-orig-sizes=\"(max-width: 640px) 100vw, 400px\" \/><\/a><\/span><\/div><\/div><\/div><\/div><div class=\"fusion-layout-column fusion_builder_column fusion-builder-column-3 fusion_builder_column_1_2 1_2 fusion-flex-column\" style=\"--awb-padding-right:147px;--awb-padding-left:147px;--awb-bg-size:cover;--awb-width-large:50%;--awb-margin-top-large:20px;--awb-spacing-right-large:3.84%;--awb-margin-bottom-large:20px;--awb-spacing-left-large:3.84%;--awb-width-medium:50%;--awb-order-medium:0;--awb-spacing-right-medium:3.84%;--awb-spacing-left-medium:3.84%;--awb-width-small:100%;--awb-order-small:0;--awb-spacing-right-small:1.92%;--awb-spacing-left-small:1.92%;\"><div class=\"fusion-column-wrapper fusion-column-has-shadow fusion-flex-justify-content-flex-start fusion-content-layout-column\"><div class=\"fusion-text fusion-text-6\"><h4 style=\"text-align: center\"><a href=\"https:\/\/www.deutschlanddigital.org\/index.php\/anbieter\/\">L\u00f6sungsanbieter und Dienstleister<\/a><\/h4>\n<\/div><div class=\"fusion-image-element \" style=\"text-align:center;--awb-liftup-border-radius:12px;--awb-caption-title-font-family:var(--h2_typography-font-family);--awb-caption-title-font-weight:var(--h2_typography-font-weight);--awb-caption-title-font-style:var(--h2_typography-font-style);--awb-caption-title-size:var(--h2_typography-font-size);--awb-caption-title-transform:var(--h2_typography-text-transform);--awb-caption-title-line-height:var(--h2_typography-line-height);--awb-caption-title-letter-spacing:var(--h2_typography-letter-spacing);\"><div class=\"awb-image-frame awb-image-frame-2 imageframe-liftup imageframe-2\"><span class=\" fusion-imageframe imageframe-none imageframe-2\" style=\"border-radius:12px;\"><a class=\"fusion-no-lightbox\" href=\"https:\/\/www.deutschlanddigital.org\/index.php\/anbieter\/\" target=\"_self\" aria-label=\"L\u00f6sungsanbieter\"><img decoding=\"async\" width=\"295\" height=\"300\" alt=\"Icon der L\u00f6sungsanbieter. Zeigt Menschen w\u00e4hrend der Arbeit mit einer Pr\u00e4sentation\" src=\"https:\/\/www.deutschlanddigital.org\/wp-content\/uploads\/sites\/16\/2023\/03\/Loesungsanbieter.png\" data-orig-src=\"https:\/\/www.deutschlanddigital.org\/wp-content\/uploads\/sites\/16\/2023\/03\/Loesungsanbieter-295x300.png\" class=\"lazyload img-responsive wp-image-5518\" srcset=\"data:image\/svg+xml,%3Csvg%20xmlns%3D%27http%3A%2F%2Fwww.w3.org%2F2000%2Fsvg%27%20width%3D%272226%27%20height%3D%272267%27%20viewBox%3D%270%200%202226%202267%27%3E%3Crect%20width%3D%272226%27%20height%3D%272267%27%20fill-opacity%3D%220%22%2F%3E%3C%2Fsvg%3E\" data-srcset=\"https:\/\/www.deutschlanddigital.org\/wp-content\/uploads\/sites\/16\/2023\/03\/Loesungsanbieter-200x204.png 200w, https:\/\/www.deutschlanddigital.org\/wp-content\/uploads\/sites\/16\/2023\/03\/Loesungsanbieter-400x407.png 400w, https:\/\/www.deutschlanddigital.org\/wp-content\/uploads\/sites\/16\/2023\/03\/Loesungsanbieter-600x611.png 600w, https:\/\/www.deutschlanddigital.org\/wp-content\/uploads\/sites\/16\/2023\/03\/Loesungsanbieter-800x815.png 800w, https:\/\/www.deutschlanddigital.org\/wp-content\/uploads\/sites\/16\/2023\/03\/Loesungsanbieter-1200x1222.png 1200w\" data-sizes=\"auto\" data-orig-sizes=\"(max-width: 640px) 100vw, 400px\" \/><\/a><\/span><\/div><\/div><\/div><\/div><div class=\"fusion-layout-column fusion_builder_column fusion-builder-column-4 fusion_builder_column_1_2 1_2 fusion-flex-column\" style=\"--awb-padding-top:25px;--awb-padding-right:147px;--awb-padding-left:147px;--awb-bg-size:cover;--awb-width-large:50%;--awb-margin-top-large:20px;--awb-spacing-right-large:3.84%;--awb-margin-bottom-large:20px;--awb-spacing-left-large:3.84%;--awb-width-medium:50%;--awb-order-medium:0;--awb-spacing-right-medium:3.84%;--awb-spacing-left-medium:3.84%;--awb-width-small:100%;--awb-order-small:0;--awb-spacing-right-small:1.92%;--awb-spacing-left-small:1.92%;\"><div class=\"fusion-column-wrapper fusion-column-has-shadow fusion-flex-justify-content-flex-start fusion-content-layout-column\"><div class=\"fusion-text fusion-text-7\"><h4 style=\"text-align: center\"><a href=\"https:\/\/www.deutschlanddigital.org\/index.php\/buergerinnen\/\">B\u00fcrger:innen<\/a><\/h4>\n<\/div><div class=\"fusion-image-element \" style=\"text-align:center;--awb-liftup-border-radius:12px;--awb-caption-title-font-family:var(--h2_typography-font-family);--awb-caption-title-font-weight:var(--h2_typography-font-weight);--awb-caption-title-font-style:var(--h2_typography-font-style);--awb-caption-title-size:var(--h2_typography-font-size);--awb-caption-title-transform:var(--h2_typography-text-transform);--awb-caption-title-line-height:var(--h2_typography-line-height);--awb-caption-title-letter-spacing:var(--h2_typography-letter-spacing);\"><div class=\"awb-image-frame awb-image-frame-3 imageframe-liftup imageframe-3\"><span class=\" fusion-imageframe imageframe-none imageframe-3\" style=\"border-radius:12px;\"><a class=\"fusion-no-lightbox\" href=\"https:\/\/www.deutschlanddigital.org\/index.php\/buergerinnen\/\" target=\"_self\" aria-label=\"BuergerInnen_Icon\"><img decoding=\"async\" width=\"300\" height=\"300\" alt=\"Icon der B\u00fcrger:innen. Zeigt verschiedene Menschen\" src=\"https:\/\/www.deutschlanddigital.org\/wp-content\/uploads\/sites\/16\/2023\/03\/BuergerInnen_Icon.png\" data-orig-src=\"https:\/\/www.deutschlanddigital.org\/wp-content\/uploads\/sites\/16\/2023\/03\/BuergerInnen_Icon-300x300.png\" class=\"lazyload img-responsive wp-image-5522\" srcset=\"data:image\/svg+xml,%3Csvg%20xmlns%3D%27http%3A%2F%2Fwww.w3.org%2F2000%2Fsvg%27%20width%3D%272226%27%20height%3D%272230%27%20viewBox%3D%270%200%202226%202230%27%3E%3Crect%20width%3D%272226%27%20height%3D%272230%27%20fill-opacity%3D%220%22%2F%3E%3C%2Fsvg%3E\" data-srcset=\"https:\/\/www.deutschlanddigital.org\/wp-content\/uploads\/sites\/16\/2023\/03\/BuergerInnen_Icon-200x200.png 200w, https:\/\/www.deutschlanddigital.org\/wp-content\/uploads\/sites\/16\/2023\/03\/BuergerInnen_Icon-400x401.png 400w, https:\/\/www.deutschlanddigital.org\/wp-content\/uploads\/sites\/16\/2023\/03\/BuergerInnen_Icon-600x601.png 600w, https:\/\/www.deutschlanddigital.org\/wp-content\/uploads\/sites\/16\/2023\/03\/BuergerInnen_Icon-800x801.png 800w, https:\/\/www.deutschlanddigital.org\/wp-content\/uploads\/sites\/16\/2023\/03\/BuergerInnen_Icon-1200x1202.png 1200w\" data-sizes=\"auto\" data-orig-sizes=\"(max-width: 640px) 100vw, 400px\" \/><\/a><\/span><\/div><\/div><\/div><\/div><div class=\"fusion-layout-column fusion_builder_column fusion-builder-column-5 fusion_builder_column_1_2 1_2 fusion-flex-column\" style=\"--awb-padding-right:147px;--awb-padding-left:147px;--awb-bg-size:cover;--awb-width-large:50%;--awb-margin-top-large:0px;--awb-spacing-right-large:3.84%;--awb-margin-bottom-large:20px;--awb-spacing-left-large:3.84%;--awb-width-medium:50%;--awb-order-medium:0;--awb-spacing-right-medium:3.84%;--awb-spacing-left-medium:3.84%;--awb-width-small:100%;--awb-order-small:0;--awb-spacing-right-small:1.92%;--awb-spacing-left-small:1.92%;\"><div class=\"fusion-column-wrapper fusion-column-has-shadow fusion-flex-justify-content-flex-start fusion-content-layout-column\"><div class=\"fusion-text fusion-text-8\"><h4 style=\"text-align: center\"><a href=\"https:\/\/www.deutschlanddigital.org\/index.php\/aufgabentraeger\/\">Weitere \u00f6ffentliche Aufgabentr\u00e4ger<\/a><\/h4>\n<\/div><div class=\"fusion-image-element \" style=\"text-align:center;--awb-liftup-border-radius:12px;--awb-caption-title-font-family:var(--h2_typography-font-family);--awb-caption-title-font-weight:var(--h2_typography-font-weight);--awb-caption-title-font-style:var(--h2_typography-font-style);--awb-caption-title-size:var(--h2_typography-font-size);--awb-caption-title-transform:var(--h2_typography-text-transform);--awb-caption-title-line-height:var(--h2_typography-line-height);--awb-caption-title-letter-spacing:var(--h2_typography-letter-spacing);\"><div class=\"awb-image-frame awb-image-frame-4 imageframe-liftup imageframe-4\"><span class=\" fusion-imageframe imageframe-none imageframe-4\" style=\"border-radius:12px;\"><a class=\"fusion-no-lightbox\" href=\"https:\/\/www.deutschlanddigital.org\/index.php\/aufgabentraeger\/\" target=\"_self\" aria-label=\"Icon_Others\"><img decoding=\"async\" width=\"800\" height=\"800\" alt=\"Icon Andere Aufgabentr\u00e4ger\" src=\"https:\/\/www.deutschlanddigital.org\/wp-content\/uploads\/sites\/16\/2025\/01\/Icon_Others.png\" data-orig-src=\"https:\/\/www.deutschlanddigital.org\/wp-content\/uploads\/sites\/16\/2025\/01\/Icon_Others-800x800.png\" class=\"lazyload img-responsive wp-image-6688\" srcset=\"data:image\/svg+xml,%3Csvg%20xmlns%3D%27http%3A%2F%2Fwww.w3.org%2F2000%2Fsvg%27%20width%3D%272226%27%20height%3D%272225%27%20viewBox%3D%270%200%202226%202225%27%3E%3Crect%20width%3D%272226%27%20height%3D%272225%27%20fill-opacity%3D%220%22%2F%3E%3C%2Fsvg%3E\" data-srcset=\"https:\/\/www.deutschlanddigital.org\/wp-content\/uploads\/sites\/16\/2025\/01\/Icon_Others-200x200.png 200w, https:\/\/www.deutschlanddigital.org\/wp-content\/uploads\/sites\/16\/2025\/01\/Icon_Others-400x400.png 400w, https:\/\/www.deutschlanddigital.org\/wp-content\/uploads\/sites\/16\/2025\/01\/Icon_Others-600x600.png 600w, https:\/\/www.deutschlanddigital.org\/wp-content\/uploads\/sites\/16\/2025\/01\/Icon_Others-800x800.png 800w, https:\/\/www.deutschlanddigital.org\/wp-content\/uploads\/sites\/16\/2025\/01\/Icon_Others-1200x1199.png 1200w\" data-sizes=\"auto\" data-orig-sizes=\"(max-width: 640px) 100vw, 400px\" \/><\/a><\/span><\/div><\/div><\/div><\/div><\/div><\/div><\/p>\n","protected":false},"excerpt":{"rendered":"","protected":false},"author":77,"featured_media":0,"parent":0,"menu_order":0,"comment_status":"closed","ping_status":"closed","template":"","meta":{"footnotes":""},"class_list":["post-5967","page","type-page","status-publish","hentry"],"yoast_head":"<!-- This site is optimized with the Yoast SEO plugin v27.5 - https:\/\/yoast.com\/product\/yoast-seo-wordpress\/ -->\n<title>Zugang - DEUTSCHLAND.DIGITAL<\/title>\n<meta name=\"description\" content=\"Sie m\u00f6chten Zugang zu unserem Marktplatz, um die Digitalisierung in Kommunen voranzutreiben? Hier finden Sie relevante Infos.\" \/>\n<meta name=\"robots\" content=\"index, follow, max-snippet:-1, max-image-preview:large, max-video-preview:-1\" \/>\n<link rel=\"canonical\" href=\"https:\/\/www.deutschlanddigital.org\/index.php\/zugang\/\" \/>\n<meta property=\"og:locale\" content=\"de_DE\" \/>\n<meta property=\"og:type\" content=\"article\" \/>\n<meta property=\"og:title\" content=\"Zugang - DEUTSCHLAND.DIGITAL\" \/>\n<meta property=\"og:description\" content=\"Sie m\u00f6chten Zugang zu unserem Marktplatz, um die Digitalisierung in Kommunen voranzutreiben? Hier finden Sie relevante Infos.\" \/>\n<meta property=\"og:url\" content=\"https:\/\/www.deutschlanddigital.org\/index.php\/zugang\/\" \/>\n<meta property=\"og:site_name\" content=\"DEUTSCHLAND.DIGITAL\" \/>\n<meta property=\"article:publisher\" content=\"https:\/\/www.facebook.com\/SLRegionen\" \/>\n<meta property=\"article:modified_time\" content=\"2025-09-10T08:36:50+00:00\" \/>\n<meta property=\"og:image\" content=\"https:\/\/www.deutschlanddigital.org\/wp-content\/uploads\/sites\/16\/2024\/07\/Share-Image-DEUTSCHLAND.DIGITAL.png\" \/>\n\t<meta property=\"og:image:width\" content=\"1182\" \/>\n\t<meta property=\"og:image:height\" content=\"856\" \/>\n\t<meta property=\"og:image:type\" content=\"image\/png\" \/>\n<meta name=\"twitter:card\" content=\"summary_large_image\" \/>\n<meta name=\"twitter:site\" content=\"@SLRegionen\" \/>\n<meta name=\"twitter:label1\" content=\"Gesch\u00e4tzte Lesezeit\" \/>\n\t<meta name=\"twitter:data1\" content=\"2\u00a0Minuten\" \/>\n<script type=\"application\/ld+json\" class=\"yoast-schema-graph\">{\"@context\":\"https:\\\/\\\/schema.org\",\"@graph\":[{\"@type\":\"WebPage\",\"@id\":\"https:\\\/\\\/www.deutschlanddigital.org\\\/index.php\\\/zugang\\\/\",\"url\":\"https:\\\/\\\/www.deutschlanddigital.org\\\/index.php\\\/zugang\\\/\",\"name\":\"Zugang - DEUTSCHLAND.DIGITAL\",\"isPartOf\":{\"@id\":\"https:\\\/\\\/www.deutschlanddigital.org\\\/#website\"},\"datePublished\":\"2024-02-06T09:07:17+00:00\",\"dateModified\":\"2025-09-10T08:36:50+00:00\",\"description\":\"Sie m\u00f6chten Zugang zu unserem Marktplatz, um die Digitalisierung in Kommunen voranzutreiben? Hier finden Sie relevante Infos.\",\"breadcrumb\":{\"@id\":\"https:\\\/\\\/www.deutschlanddigital.org\\\/index.php\\\/zugang\\\/#breadcrumb\"},\"inLanguage\":\"de\",\"potentialAction\":[{\"@type\":\"ReadAction\",\"target\":[\"https:\\\/\\\/www.deutschlanddigital.org\\\/index.php\\\/zugang\\\/\"]}]},{\"@type\":\"BreadcrumbList\",\"@id\":\"https:\\\/\\\/www.deutschlanddigital.org\\\/index.php\\\/zugang\\\/#breadcrumb\",\"itemListElement\":[{\"@type\":\"ListItem\",\"position\":1,\"name\":\"Home\",\"item\":\"https:\\\/\\\/www.deutschlanddigital.org\\\/\"},{\"@type\":\"ListItem\",\"position\":2,\"name\":\"Zugang\"}]},{\"@type\":\"WebSite\",\"@id\":\"https:\\\/\\\/www.deutschlanddigital.org\\\/#website\",\"url\":\"https:\\\/\\\/www.deutschlanddigital.org\\\/\",\"name\":\"DEUTSCHLAND.DIGITAL\",\"description\":\"Smarte L\u00f6sungen f\u00fcr smarte Kommunen\",\"publisher\":{\"@id\":\"https:\\\/\\\/www.deutschlanddigital.org\\\/#organization\"},\"alternateName\":\"digitaler Marktplatz f\u00fcr die Daseinsvorsorge\",\"potentialAction\":[{\"@type\":\"SearchAction\",\"target\":{\"@type\":\"EntryPoint\",\"urlTemplate\":\"https:\\\/\\\/www.deutschlanddigital.org\\\/?s={search_term_string}\"},\"query-input\":{\"@type\":\"PropertyValueSpecification\",\"valueRequired\":true,\"valueName\":\"search_term_string\"}}],\"inLanguage\":\"de\"},{\"@type\":\"Organization\",\"@id\":\"https:\\\/\\\/www.deutschlanddigital.org\\\/#organization\",\"name\":\"Fraunhofer IESE\",\"url\":\"https:\\\/\\\/www.deutschlanddigital.org\\\/\",\"logo\":{\"@type\":\"ImageObject\",\"inLanguage\":\"de\",\"@id\":\"https:\\\/\\\/www.deutschlanddigital.org\\\/#\\\/schema\\\/logo\\\/image\\\/\",\"url\":\"https:\\\/\\\/www.deutschlanddigital.org\\\/wp-content\\\/uploads\\\/sites\\\/16\\\/2024\\\/07\\\/Favicon.png\",\"contentUrl\":\"https:\\\/\\\/www.deutschlanddigital.org\\\/wp-content\\\/uploads\\\/sites\\\/16\\\/2024\\\/07\\\/Favicon.png\",\"width\":267,\"height\":267,\"caption\":\"Fraunhofer IESE\"},\"image\":{\"@id\":\"https:\\\/\\\/www.deutschlanddigital.org\\\/#\\\/schema\\\/logo\\\/image\\\/\"},\"sameAs\":[\"https:\\\/\\\/www.facebook.com\\\/SLRegionen\",\"https:\\\/\\\/x.com\\\/SLRegionen\",\"https:\\\/\\\/www.linkedin.com\\\/in\\\/smarte-land-regionen\\\/\"]}]}<\/script>\n<!-- \/ Yoast SEO plugin. -->","yoast_head_json":{"title":"Zugang - DEUTSCHLAND.DIGITAL","description":"Sie m\u00f6chten Zugang zu unserem Marktplatz, um die Digitalisierung in Kommunen voranzutreiben? Hier finden Sie relevante Infos.","robots":{"index":"index","follow":"follow","max-snippet":"max-snippet:-1","max-image-preview":"max-image-preview:large","max-video-preview":"max-video-preview:-1"},"canonical":"https:\/\/www.deutschlanddigital.org\/index.php\/zugang\/","og_locale":"de_DE","og_type":"article","og_title":"Zugang - DEUTSCHLAND.DIGITAL","og_description":"Sie m\u00f6chten Zugang zu unserem Marktplatz, um die Digitalisierung in Kommunen voranzutreiben? Hier finden Sie relevante Infos.","og_url":"https:\/\/www.deutschlanddigital.org\/index.php\/zugang\/","og_site_name":"DEUTSCHLAND.DIGITAL","article_publisher":"https:\/\/www.facebook.com\/SLRegionen","article_modified_time":"2025-09-10T08:36:50+00:00","og_image":[{"width":1182,"height":856,"url":"https:\/\/www.deutschlanddigital.org\/wp-content\/uploads\/sites\/16\/2024\/07\/Share-Image-DEUTSCHLAND.DIGITAL.png","type":"image\/png"}],"twitter_card":"summary_large_image","twitter_site":"@SLRegionen","twitter_misc":{"Gesch\u00e4tzte Lesezeit":"2\u00a0Minuten"},"schema":{"@context":"https:\/\/schema.org","@graph":[{"@type":"WebPage","@id":"https:\/\/www.deutschlanddigital.org\/index.php\/zugang\/","url":"https:\/\/www.deutschlanddigital.org\/index.php\/zugang\/","name":"Zugang - DEUTSCHLAND.DIGITAL","isPartOf":{"@id":"https:\/\/www.deutschlanddigital.org\/#website"},"datePublished":"2024-02-06T09:07:17+00:00","dateModified":"2025-09-10T08:36:50+00:00","description":"Sie m\u00f6chten Zugang zu unserem Marktplatz, um die Digitalisierung in Kommunen voranzutreiben? Hier finden Sie relevante Infos.","breadcrumb":{"@id":"https:\/\/www.deutschlanddigital.org\/index.php\/zugang\/#breadcrumb"},"inLanguage":"de","potentialAction":[{"@type":"ReadAction","target":["https:\/\/www.deutschlanddigital.org\/index.php\/zugang\/"]}]},{"@type":"BreadcrumbList","@id":"https:\/\/www.deutschlanddigital.org\/index.php\/zugang\/#breadcrumb","itemListElement":[{"@type":"ListItem","position":1,"name":"Home","item":"https:\/\/www.deutschlanddigital.org\/"},{"@type":"ListItem","position":2,"name":"Zugang"}]},{"@type":"WebSite","@id":"https:\/\/www.deutschlanddigital.org\/#website","url":"https:\/\/www.deutschlanddigital.org\/","name":"DEUTSCHLAND.DIGITAL","description":"Smarte L\u00f6sungen f\u00fcr smarte Kommunen","publisher":{"@id":"https:\/\/www.deutschlanddigital.org\/#organization"},"alternateName":"digitaler Marktplatz f\u00fcr die Daseinsvorsorge","potentialAction":[{"@type":"SearchAction","target":{"@type":"EntryPoint","urlTemplate":"https:\/\/www.deutschlanddigital.org\/?s={search_term_string}"},"query-input":{"@type":"PropertyValueSpecification","valueRequired":true,"valueName":"search_term_string"}}],"inLanguage":"de"},{"@type":"Organization","@id":"https:\/\/www.deutschlanddigital.org\/#organization","name":"Fraunhofer IESE","url":"https:\/\/www.deutschlanddigital.org\/","logo":{"@type":"ImageObject","inLanguage":"de","@id":"https:\/\/www.deutschlanddigital.org\/#\/schema\/logo\/image\/","url":"https:\/\/www.deutschlanddigital.org\/wp-content\/uploads\/sites\/16\/2024\/07\/Favicon.png","contentUrl":"https:\/\/www.deutschlanddigital.org\/wp-content\/uploads\/sites\/16\/2024\/07\/Favicon.png","width":267,"height":267,"caption":"Fraunhofer IESE"},"image":{"@id":"https:\/\/www.deutschlanddigital.org\/#\/schema\/logo\/image\/"},"sameAs":["https:\/\/www.facebook.com\/SLRegionen","https:\/\/x.com\/SLRegionen","https:\/\/www.linkedin.com\/in\/smarte-land-regionen\/"]}]}},"_links":{"self":[{"href":"https:\/\/www.deutschlanddigital.org\/index.php\/wp-json\/wp\/v2\/pages\/5967","targetHints":{"allow":["GET"]}}],"collection":[{"href":"https:\/\/www.deutschlanddigital.org\/index.php\/wp-json\/wp\/v2\/pages"}],"about":[{"href":"https:\/\/www.deutschlanddigital.org\/index.php\/wp-json\/wp\/v2\/types\/page"}],"author":[{"embeddable":true,"href":"https:\/\/www.deutschlanddigital.org\/index.php\/wp-json\/wp\/v2\/users\/77"}],"replies":[{"embeddable":true,"href":"https:\/\/www.deutschlanddigital.org\/index.php\/wp-json\/wp\/v2\/comments?post=5967"}],"version-history":[{"count":11,"href":"https:\/\/www.deutschlanddigital.org\/index.php\/wp-json\/wp\/v2\/pages\/5967\/revisions"}],"predecessor-version":[{"id":7174,"href":"https:\/\/www.deutschlanddigital.org\/index.php\/wp-json\/wp\/v2\/pages\/5967\/revisions\/7174"}],"wp:attachment":[{"href":"https:\/\/www.deutschlanddigital.org\/index.php\/wp-json\/wp\/v2\/media?parent=5967"}],"curies":[{"name":"wp","href":"https:\/\/api.w.org\/{rel}","templated":true}]}}